{"id":73,"date":"2020-03-19T18:47:58","date_gmt":"2020-03-19T18:47:58","guid":{"rendered":"https:\/\/bodasdestinotarija.com\/?page_id=73"},"modified":"2025-05-02T02:32:37","modified_gmt":"2025-05-02T02:32:37","slug":"contactos-2","status":"publish","type":"page","link":"https:\/\/bodasdestinotarija.com\/index.php\/contactos-2\/","title":{"rendered":"Contactos"},"content":{"rendered":"<p>[et_pb_section fb_built=&#8221;1&#8243; _builder_version=&#8221;4.4.1&#8243; background_image=&#8221;https:\/\/bodasdestinotarija.com\/wp-content\/uploads\/2020\/04\/gray-floral-1920&#215;1080-1.png&#8221; background_repeat=&#8221;repeat&#8221;][et_pb_row _builder_version=&#8221;4.4.1&#8243;][et_pb_column type=&#8221;4_4&#8243; _builder_version=&#8221;4.4.1&#8243;][et_pb_text _builder_version=&#8221;4.4.1&#8243; text_font=&#8221;Rokkitt|600|||||||&#8221; header_font=&#8221;Allura||||||||&#8221; header_font_size=&#8221;61px&#8221; background_enable_image=&#8221;off&#8221; background_position=&#8221;top_center&#8221;]<\/p>\n<h1 style=\"text-align: center;\"><img loading=\"lazy\" decoding=\"async\" class=\"wp-image-776 aligncenter size-medium\" src=\"https:\/\/bodasdestinotarija.com\/wp-content\/uploads\/2020\/04\/kissclipart-wedding-invitations-flowers-watercolor-png-clipart-fdf1d42f5e2dca54-300x167.png\" alt=\"\" width=\"300\" height=\"167\" \/>Cont\u00e1ctanos<\/h1>\n<p>[\/et_pb_text][et_pb_contact_form email=&#8221;contacto@bodasdestinotarija.com&#8221; custom_message=&#8221;Correo de solicitud de contacto.||et_pb_line_break_holder||||et_pb_line_break_holder||De: %%Nombre%% ||et_pb_line_break_holder||Correo: %%Email%%||et_pb_line_break_holder||Tel\u00e9fono: %%Telefono%%||et_pb_line_break_holder||Mensaje %%Mensaje%%&#8221; success_message=&#8221;Mensaje enviado con \u00e9xito!&#8221; submit_button_text=&#8221;Enviar&#8221; _builder_version=&#8221;4.4.1&#8243; form_field_background_color=&#8221;#ffffff&#8221; captcha_font=&#8221;Abel||||||||&#8221; captcha_text_color=&#8221;#B4B0B0&#8243; form_field_font_size=&#8221;18px&#8221; custom_button=&#8221;on&#8221; button_text_size=&#8221;26px&#8221; button_bg_color=&#8221;#BB946A&#8221; button_border_width=&#8221;0px&#8221; button_border_color=&#8221;#ffcccc&#8221; button_font=&#8221;Yesteryear||||||||&#8221; border_width_all=&#8221;1px&#8221; border_color_all=&#8221;rgba(0,0,0,0.29)&#8221;][et_pb_contact_field field_id=&#8221;Nombre&#8221; field_title=&#8221;Nombre&#8221; _builder_version=&#8221;4.4.1&#8243; border_color_all_last_edited=&#8221;off|desktop&#8221; button_text_size__hover_enabled=&#8221;off&#8221; button_one_text_size__hover_enabled=&#8221;off&#8221; button_two_text_size__hover_enabled=&#8221;off&#8221; button_text_color__hover_enabled=&#8221;off&#8221; button_one_text_color__hover_enabled=&#8221;off&#8221; button_two_text_color__hover_enabled=&#8221;off&#8221; button_border_width__hover_enabled=&#8221;off&#8221; button_one_border_width__hover_enabled=&#8221;off&#8221; button_two_border_width__hover_enabled=&#8221;off&#8221; button_border_color__hover_enabled=&#8221;off&#8221; button_one_border_color__hover_enabled=&#8221;off&#8221; button_two_border_color__hover_enabled=&#8221;off&#8221; button_border_radius__hover_enabled=&#8221;off&#8221; button_one_border_radius__hover_enabled=&#8221;off&#8221; button_two_border_radius__hover_enabled=&#8221;off&#8221; button_letter_spacing__hover_enabled=&#8221;off&#8221; button_one_letter_spacing__hover_enabled=&#8221;off&#8221; button_two_letter_spacing__hover_enabled=&#8221;off&#8221; button_bg_color__hover_enabled=&#8221;off&#8221; button_one_bg_color__hover_enabled=&#8221;off&#8221; button_two_bg_color__hover_enabled=&#8221;off&#8221; border_color_all__hover_enabled=&#8221;on|hover&#8221; border_color_all__hover=&#8221;#BB946A&#8221;][\/et_pb_contact_field][et_pb_contact_field field_id=&#8221;Email&#8221; field_title=&#8221;Correo Electr\u00f3nico&#8221; field_type=&#8221;email&#8221; _builder_version=&#8221;4.4.1&#8243; button_text_size__hover_enabled=&#8221;off&#8221; button_one_text_size__hover_enabled=&#8221;off&#8221; button_two_text_size__hover_enabled=&#8221;off&#8221; button_text_color__hover_enabled=&#8221;off&#8221; button_one_text_color__hover_enabled=&#8221;off&#8221; button_two_text_color__hover_enabled=&#8221;off&#8221; button_border_width__hover_enabled=&#8221;off&#8221; button_one_border_width__hover_enabled=&#8221;off&#8221; button_two_border_width__hover_enabled=&#8221;off&#8221; button_border_color__hover_enabled=&#8221;off&#8221; button_one_border_color__hover_enabled=&#8221;off&#8221; button_two_border_color__hover_enabled=&#8221;off&#8221; button_border_radius__hover_enabled=&#8221;off&#8221; button_one_border_radius__hover_enabled=&#8221;off&#8221; button_two_border_radius__hover_enabled=&#8221;off&#8221; button_letter_spacing__hover_enabled=&#8221;off&#8221; button_one_letter_spacing__hover_enabled=&#8221;off&#8221; button_two_letter_spacing__hover_enabled=&#8221;off&#8221; button_bg_color__hover_enabled=&#8221;off&#8221; button_one_bg_color__hover_enabled=&#8221;off&#8221; button_two_bg_color__hover_enabled=&#8221;off&#8221; border_color_all__hover_enabled=&#8221;on|hover&#8221; border_color_all__hover=&#8221;#BB946A&#8221;][\/et_pb_contact_field][et_pb_contact_field field_id=&#8221;Telefono&#8221; field_title=&#8221;Tel\u00e9fono&#8221; fullwidth_field=&#8221;on&#8221; _builder_version=&#8221;4.4.1&#8243; button_text_size__hover_enabled=&#8221;off&#8221; button_one_text_size__hover_enabled=&#8221;off&#8221; button_two_text_size__hover_enabled=&#8221;off&#8221; button_text_color__hover_enabled=&#8221;off&#8221; button_one_text_color__hover_enabled=&#8221;off&#8221; button_two_text_color__hover_enabled=&#8221;off&#8221; button_border_width__hover_enabled=&#8221;off&#8221; button_one_border_width__hover_enabled=&#8221;off&#8221; button_two_border_width__hover_enabled=&#8221;off&#8221; button_border_color__hover_enabled=&#8221;off&#8221; button_one_border_color__hover_enabled=&#8221;off&#8221; button_two_border_color__hover_enabled=&#8221;off&#8221; button_border_radius__hover_enabled=&#8221;off&#8221; button_one_border_radius__hover_enabled=&#8221;off&#8221; button_two_border_radius__hover_enabled=&#8221;off&#8221; button_letter_spacing__hover_enabled=&#8221;off&#8221; button_one_letter_spacing__hover_enabled=&#8221;off&#8221; button_two_letter_spacing__hover_enabled=&#8221;off&#8221; button_bg_color__hover_enabled=&#8221;off&#8221; button_one_bg_color__hover_enabled=&#8221;off&#8221; button_two_bg_color__hover_enabled=&#8221;off&#8221; border_color_all__hover_enabled=&#8221;on|hover&#8221; border_color_all__hover=&#8221;#BB946A&#8221;][\/et_pb_contact_field][et_pb_contact_field field_id=&#8221;Mensaje&#8221; field_title=&#8221;Escribe Aqu\u00ed Tu Mensaje&#8221; field_type=&#8221;text&#8221; fullwidth_field=&#8221;on&#8221; _builder_version=&#8221;4.4.1&#8243; button_text_size__hover_enabled=&#8221;off&#8221; button_one_text_size__hover_enabled=&#8221;off&#8221; button_two_text_size__hover_enabled=&#8221;off&#8221; button_text_color__hover_enabled=&#8221;off&#8221; button_one_text_color__hover_enabled=&#8221;off&#8221; button_two_text_color__hover_enabled=&#8221;off&#8221; button_border_width__hover_enabled=&#8221;off&#8221; button_one_border_width__hover_enabled=&#8221;off&#8221; button_two_border_width__hover_enabled=&#8221;off&#8221; button_border_color__hover_enabled=&#8221;off&#8221; button_one_border_color__hover_enabled=&#8221;off&#8221; button_two_border_color__hover_enabled=&#8221;off&#8221; button_border_radius__hover_enabled=&#8221;off&#8221; button_one_border_radius__hover_enabled=&#8221;off&#8221; button_two_border_radius__hover_enabled=&#8221;off&#8221; button_letter_spacing__hover_enabled=&#8221;off&#8221; button_one_letter_spacing__hover_enabled=&#8221;off&#8221; button_two_letter_spacing__hover_enabled=&#8221;off&#8221; button_bg_color__hover_enabled=&#8221;off&#8221; button_one_bg_color__hover_enabled=&#8221;off&#8221; button_two_bg_color__hover_enabled=&#8221;off&#8221; border_color_all__hover_enabled=&#8221;on|hover&#8221; border_color_all__hover=&#8221;#BB946A&#8221;][\/et_pb_contact_field][\/et_pb_contact_form][\/et_pb_column][\/et_pb_row][\/et_pb_section][et_pb_section fb_built=&#8221;1&#8243; fullwidth=&#8221;on&#8221; _builder_version=&#8221;4.4.1&#8243;][\/et_pb_section][et_pb_section fb_built=&#8221;1&#8243; _builder_version=&#8221;4.4.1&#8243;][et_pb_row column_structure=&#8221;1_3,1_3,1_3&#8243; _builder_version=&#8221;4.4.1&#8243;][et_pb_column type=&#8221;1_3&#8243; _builder_version=&#8221;4.4.1&#8243;][et_pb_blurb title=&#8221;Correo&#8221; use_icon=&#8221;on&#8221; font_icon=&#8221;%%238%%&#8221; icon_color=&#8221;#5e849d&#8221; _builder_version=&#8221;4.4.1&#8243; header_font=&#8221;Allura||||||||&#8221; header_font_size=&#8221;44px&#8221; body_font=&#8221;|600|||||||&#8221; body_font_size=&#8221;19px&#8221; text_orientation=&#8221;center&#8221; width=&#8221;100%&#8221; custom_margin=&#8221;|-23px||||&#8221; custom_padding=&#8221;|0px||||&#8221; icon_color__hover_enabled=&#8221;on|hover&#8221; icon_color__hover=&#8221;#BB946A&#8221;]<\/p>\n<p>contacto@bodasdestinotarija.com<\/p>\n<p>[\/et_pb_blurb][\/et_pb_column][et_pb_column type=&#8221;1_3&#8243; _builder_version=&#8221;4.4.1&#8243;][et_pb_blurb title=&#8221;Tel\u00e9fono&#8221; use_icon=&#8221;on&#8221; font_icon=&#8221;%%264%%&#8221; icon_color=&#8221;#5e849d&#8221; _builder_version=&#8221;4.4.1&#8243; header_font=&#8221;Allura||||||||&#8221; header_font_size=&#8221;44px&#8221; body_font=&#8221;|600|||||||&#8221; body_font_size=&#8221;19px&#8221; text_orientation=&#8221;center&#8221; width=&#8221;100%&#8221; custom_padding=&#8221;|0px||||&#8221; icon_color__hover_enabled=&#8221;on|hover&#8221; icon_color__hover=&#8221;#BB946A&#8221;]<\/p>\n<p>66-68413<\/p>\n<p>[\/et_pb_blurb][\/et_pb_column][et_pb_column type=&#8221;1_3&#8243; _builder_version=&#8221;4.4.1&#8243;][et_pb_blurb title=&#8221;Direcci\u00f3n&#8221; use_icon=&#8221;on&#8221; font_icon=&#8221;%%249%%&#8221; icon_color=&#8221;#5e849d&#8221; _builder_version=&#8221;4.4.1&#8243; header_font=&#8221;Allura||||||||&#8221; header_font_size=&#8221;44px&#8221; body_font=&#8221;|600|||||||&#8221; body_font_size=&#8221;19px&#8221; text_orientation=&#8221;center&#8221; width=&#8221;100%&#8221; custom_padding=&#8221;|0px||||&#8221; icon_color__hover_enabled=&#8221;on|hover&#8221; icon_color__hover=&#8221;#BB946A&#8221;]<\/p>\n<p>Balivi\u00e1n # 779 Esq. Domingo Paz<\/p>\n<p>Barrio El Molino<\/p>\n<p>[\/et_pb_blurb][\/et_pb_column][\/et_pb_row][\/et_pb_section][et_pb_section fb_built=&#8221;1&#8243; _builder_version=&#8221;4.4.1&#8243;][et_pb_row _builder_version=&#8221;4.4.1&#8243;][et_pb_column type=&#8221;4_4&#8243; _builder_version=&#8221;4.4.1&#8243;][et_pb_code _builder_version=&#8221;4.4.1&#8243;]<iframe loading=\"lazy\" src=\"https:\/\/www.google.com\/maps\/embed?pb=!1m18!1m12!1m3!1d463.9272751128243!2d-64.73671297622249!3d-21.530497112952034!2m3!1f0!2f0!3f0!3m2!1i1024!2i768!4f13.1!3m3!1m2!1s0x94064937e533bd71%3A0x77f3f51c3eff60e7!2sEventos%20Par%C3%ADs!5e0!3m2!1ses!2sbo!4v1584902294340!5m2!1ses!2sbo\" width=\"1300\" height=\"500\" frameborder=\"0\" style=\"border:0;\" allowfullscreen=\"\" aria-hidden=\"false\" tabindex=\"0\"><\/iframe>[\/et_pb_code][\/et_pb_column][\/et_pb_row][\/et_pb_section]<\/p>\n","protected":false},"excerpt":{"rendered":"<p>Cont\u00e1ctanoscontacto@bodasdestinotarija.com66-68413Balivi\u00e1n # 779 Esq. Domingo Paz Barrio El Molino<\/p>\n","protected":false},"author":1,"featured_media":0,"parent":0,"menu_order":0,"comment_status":"closed","ping_status":"closed","template":"","meta":{"_et_pb_use_builder":"on","_et_pb_old_content":"","_et_gb_content_width":"","footnotes":""},"class_list":["post-73","page","type-page","status-publish","hentry"],"yoast_head":"<!-- This site is optimized with the Yoast SEO plugin v14.0.4 - https:\/\/yoast.com\/wordpress\/plugins\/seo\/ -->\n<title>Contactos - Bodas Destino Tarija<\/title>\n<meta name=\"description\" content=\"Cont\u00e1ctanos para la organizaci\u00f3n de tu boda en Tarija, nos especializamos en bodas destino, en la ciudad m\u00e1s rom\u00e1ntica de Bolivia\" \/>\n<meta name=\"robots\" content=\"index, follow\" \/>\n<meta name=\"googlebot\" content=\"index, follow, max-snippet:-1, max-image-preview:large, max-video-preview:-1\" \/>\n<meta name=\"bingbot\" content=\"index, follow, max-snippet:-1, max-image-preview:large, max-video-preview:-1\" \/>\n<link rel=\"canonical\" href=\"https:\/\/bodasdestinotarija.com\/index.php\/contactos-2\/\" \/>\n<meta property=\"og:locale\" content=\"es_MX\" \/>\n<meta property=\"og:type\" content=\"article\" \/>\n<meta property=\"og:title\" content=\"Contactos - Bodas Destino Tarija\" \/>\n<meta property=\"og:description\" content=\"Cont\u00e1ctanos para la organizaci\u00f3n de tu boda en Tarija, nos especializamos en bodas destino, en la ciudad m\u00e1s rom\u00e1ntica de Bolivia\" \/>\n<meta property=\"og:url\" content=\"https:\/\/bodasdestinotarija.com\/index.php\/contactos-2\/\" \/>\n<meta property=\"og:site_name\" content=\"Bodas Destino Tarija\" \/>\n<meta property=\"article:publisher\" content=\"https:\/\/www.facebook.com\/TarijaDestinationWedding\" \/>\n<meta property=\"article:modified_time\" content=\"2025-05-02T02:32:37+00:00\" \/>\n<meta property=\"og:image\" content=\"https:\/\/bodasdestinotarija.com\/wp-content\/uploads\/2020\/04\/kissclipart-wedding-invitations-flowers-watercolor-png-clipart-fdf1d42f5e2dca54-300x167.png\" \/>\n<meta name=\"twitter:card\" content=\"summary_large_image\" \/>\n<meta name=\"twitter:creator\" content=\"@BodasTarija\" \/>\n<meta name=\"twitter:site\" content=\"@BodasTarija\" \/>\n<script type=\"application\/ld+json\" class=\"yoast-schema-graph\">{\"@context\":\"https:\/\/schema.org\",\"@graph\":[{\"@type\":\"Organization\",\"@id\":\"https:\/\/bodasdestinotarija.com\/#organization\",\"name\":\"Bodas Destino Tarija\",\"url\":\"https:\/\/bodasdestinotarija.com\/\",\"sameAs\":[\"https:\/\/www.facebook.com\/TarijaDestinationWedding\",\"https:\/\/www.instagram.com\/tarijadestinationwedding\/\",\"https:\/\/bo.linkedin.com\/in\/daniel-espinoza-abramovsky-32715ab0\",\"https:\/\/www.pinterest.com\/deabramovsky\/\",\"https:\/\/twitter.com\/BodasTarija\"],\"logo\":{\"@type\":\"ImageObject\",\"@id\":\"https:\/\/bodasdestinotarija.com\/#logo\",\"inLanguage\":\"es\",\"url\":\"https:\/\/bodasdestinotarija.com\/wp-content\/uploads\/2020\/03\/BODAS-DESTINO-FINAL.png\",\"width\":500,\"height\":386,\"caption\":\"Bodas Destino Tarija\"},\"image\":{\"@id\":\"https:\/\/bodasdestinotarija.com\/#logo\"}},{\"@type\":\"WebSite\",\"@id\":\"https:\/\/bodasdestinotarija.com\/#website\",\"url\":\"https:\/\/bodasdestinotarija.com\/\",\"name\":\"Bodas Destino Tarija\",\"description\":\"La boda de tus sue\\u00f1os\",\"publisher\":{\"@id\":\"https:\/\/bodasdestinotarija.com\/#organization\"},\"potentialAction\":[{\"@type\":\"SearchAction\",\"target\":\"https:\/\/bodasdestinotarija.com\/?s={search_term_string}\",\"query-input\":\"required name=search_term_string\"}],\"inLanguage\":\"es\"},{\"@type\":\"ImageObject\",\"@id\":\"https:\/\/bodasdestinotarija.com\/index.php\/contactos-2\/#primaryimage\",\"inLanguage\":\"es\",\"url\":\"https:\/\/bodasdestinotarija.com\/wp-content\/uploads\/2020\/04\/kissclipart-wedding-invitations-flowers-watercolor-png-clipart-fdf1d42f5e2dca54.png\",\"width\":1600,\"height\":893},{\"@type\":\"WebPage\",\"@id\":\"https:\/\/bodasdestinotarija.com\/index.php\/contactos-2\/#webpage\",\"url\":\"https:\/\/bodasdestinotarija.com\/index.php\/contactos-2\/\",\"name\":\"Contactos - Bodas Destino Tarija\",\"isPartOf\":{\"@id\":\"https:\/\/bodasdestinotarija.com\/#website\"},\"primaryImageOfPage\":{\"@id\":\"https:\/\/bodasdestinotarija.com\/index.php\/contactos-2\/#primaryimage\"},\"datePublished\":\"2020-03-19T18:47:58+00:00\",\"dateModified\":\"2025-05-02T02:32:37+00:00\",\"description\":\"Cont\\u00e1ctanos para la organizaci\\u00f3n de tu boda en Tarija, nos especializamos en bodas destino, en la ciudad m\\u00e1s rom\\u00e1ntica de Bolivia\",\"inLanguage\":\"es\",\"potentialAction\":[{\"@type\":\"ReadAction\",\"target\":[\"https:\/\/bodasdestinotarija.com\/index.php\/contactos-2\/\"]}]}]}<\/script>\n<!-- \/ Yoast SEO plugin. -->","_links":{"self":[{"href":"https:\/\/bodasdestinotarija.com\/index.php\/wp-json\/wp\/v2\/pages\/73","targetHints":{"allow":["GET"]}}],"collection":[{"href":"https:\/\/bodasdestinotarija.com\/index.php\/wp-json\/wp\/v2\/pages"}],"about":[{"href":"https:\/\/bodasdestinotarija.com\/index.php\/wp-json\/wp\/v2\/types\/page"}],"author":[{"embeddable":true,"href":"https:\/\/bodasdestinotarija.com\/index.php\/wp-json\/wp\/v2\/users\/1"}],"replies":[{"embeddable":true,"href":"https:\/\/bodasdestinotarija.com\/index.php\/wp-json\/wp\/v2\/comments?post=73"}],"version-history":[{"count":11,"href":"https:\/\/bodasdestinotarija.com\/index.php\/wp-json\/wp\/v2\/pages\/73\/revisions"}],"predecessor-version":[{"id":207708,"href":"https:\/\/bodasdestinotarija.com\/index.php\/wp-json\/wp\/v2\/pages\/73\/revisions\/207708"}],"wp:attachment":[{"href":"https:\/\/bodasdestinotarija.com\/index.php\/wp-json\/wp\/v2\/media?parent=73"}],"curies":[{"name":"wp","href":"https:\/\/api.w.org\/{rel}","templated":true}]}}